{"id":1830,"date":"2025-06-11T11:06:24","date_gmt":"2025-06-11T09:06:24","guid":{"rendered":"https:\/\/world4europe.com\/blog\/"},"modified":"2025-08-26T15:27:08","modified_gmt":"2025-08-26T13:27:08","slug":"blog","status":"publish","type":"page","link":"https:\/\/world4europe.com\/en\/blog\/","title":{"rendered":"Blog"},"content":{"rendered":"\t\t<div data-elementor-type=\"wp-page\" data-elementor-id=\"1830\" class=\"elementor elementor-1830 elementor-1822\" data-elementor-post-type=\"page\">\n\t\t\t\t\t\t<div class=\"elementor-section elementor-top-section elementor-element elementor-element-7a526663 cspt-bg-color-yes cspt-elementor-bg-color-white elementor-section-stretched cspt-col-stretched-none cspt-bg-color-over-image elementor-section-boxed elementor-section-height-default elementor-section-height-default\" data-id=\"7a526663\" data-element_type=\"section\" data-settings=\"{&quot;stretch_section&quot;:&quot;section-stretched&quot;}\">\n\t\t\t\t\t\t<div class=\"elementor-container elementor-column-gap-no\">\n\t\t\t\t\t<div class=\"elementor-column elementor-col-100 elementor-top-column elementor-element elementor-element-729270ce cspt-bg-color-over-image\" data-id=\"729270ce\" data-element_type=\"column\">\n\t\t\t<div class=\"elementor-widget-wrap elementor-element-populated\">\n\t\t\t\t\t\t<div class=\"elementor-element elementor-element-7dc2f3f6 elementor-widget elementor-widget-cspt_blog_element\" data-id=\"7dc2f3f6\" data-element_type=\"widget\" data-widget_type=\"cspt_blog_element.default\">\n\t\t\t\t<div class=\"elementor-widget-container\">\n\t\t\t\t\t\r\n\t\t<div class=\"creativesplanet-element creativesplanet-element-blog cspt-element-blog-style-1 creativesplanet-element-viewtype-row-column creativesplanet-gap-30px\" data-show=\"6\" data-columns=\"3\" data-loop=\"false\" data-autoplay=\"false\" data-center=\"false\" data-nav=\"false\" data-dots=\"false\" data-autoplayspeed=\"1000\" data-margin=\"30px\" data-show-portion=\"false\"><div class=\"creativesplanet-element-inner\">\r\n\t\t\r\n\t\t\t<div class=\"cspt-ele-header-area\">\r\n\t\t\t\t\t<div class=\"cspt-heading-subheading center-align cspt-reverse-heading-yes\"><\/div>\r\n\t\t\t\t\t\t\t\t\r\n\t\t\t<\/div>\r\n\r\n\t\t\t<div class=\"cspt-element-posts-wrapper row multi-columns-row\">\r\n\r\n\t\t\t<div class=\"cspt-ele cspt-blog-ele col-md-4 nicht-kategorisiert cspt-term-1\"><article class=\"creativesplanet-ele creativesplanet-ele-blog cspt-blogbox-style-1 post-2170 post type-post status-publish format-standard has-post-thumbnail hentry category-nicht-kategorisiert\">\r\n\t<div class=\"post-item\">\r\n\t\t<div class=\"cspt-featured-container\">\r\n\t\t\t<div class=\"cspt-featured-wrapper\"><a href=\"https:\/\/world4europe.com\/en\/demographic-change-and-skills-shortages-how-companies-in-austria-can-take-smart-action-now\/\"><img fetchpriority=\"high\" decoding=\"async\" width=\"770\" height=\"500\" src=\"https:\/\/world4europe.com\/wp-content\/uploads\/2025\/09\/demografischer_wandel-770x500.jpg\" class=\"attachment-cspt-img-770x500 size-cspt-img-770x500 wp-post-image\" alt=\"Demografischer Wandel\" data-id=\"2163\" \/><\/a><\/div>\t\t\t<div class=\"cspt-meta-date\">23<span>Sep<\/span><\/div>\t \t\t\t\r\n\t\t<\/div>\r\n\t\t<div class=\"creativesplanet-box-content\">\t\r\n\t\t\t<div class=\"cspt-meta-container\">\r\n\t\t\t\t<div class=\"cspt-meta-author-wrapper cspt-meta-line\">\t\t\t\t\t\r\n\t\t\t\t\t<a href=\"https:\/\/world4europe.com\/en\/author\/administrator\/\" title=\"Posted by administrator\" rel=\"author\"><i class=\"cspt-base-icon-user-1\"><\/i> by administrator<\/a>\r\n\t\t\t\t<\/div>\r\n\t\t\t\t<div class=\"cspt-meta-date-wrapper cspt-meta-line\">\t\t\t\t\t\r\n\t\t\t\t\t<div class=\"cspt-meta-category\"><i class=\"cspt-base-icon-folder-open-empty\"><\/i> <a href=\"https:\/\/world4europe.com\/en\/category\/nicht-kategorisiert\/\" rel=\"category tag\">Nicht kategorisiert<\/a><\/div>\t\r\n\t\t\t\t<\/div>\t\t\t\t\r\n\t\t\t\t<div class=\"cspt-meta-date-wrapper cspt-meta-line\">\t\r\n\t\t\t\t\t<i class=\"cspt-base-icon-comment-empty\"><\/i> <span class=\"cspt-meta cspt-meta-comments\">0<\/span>\r\n\t\t\t\t<\/div>\r\n\t\t\t\t\t\t\t\t\r\n\t\t\t\t\t\t\t<\/div>\r\n\t\t\t<h3 class=\"cspt-post-title\"><a href=\"https:\/\/world4europe.com\/en\/demographic-change-and-skills-shortages-how-companies-in-austria-can-take-smart-action-now\/\">Demographic Change and Skills Shortages: How Companies in Austria Can Take Smart Action Now<\/a><\/h3>\r\n\t\t\t<div class=\"creativesplanet-box-desc\">\r\n\t\t\t\t<div class=\"creativesplanet-box-desc-text\">\r\n\t\t\t\t\t<p>Demographic Change and Skills Shortages: How Companies in Austria Can Take Smart Action Now<\/p>\n\t\t\t\t\t\r\n\t\t\t\t<\/div>\t\t\r\n\t\t\t\t<div class=\"cspt-read-more-link\"><a href=\"https:\/\/world4europe.com\/en\/demographic-change-and-skills-shortages-how-companies-in-austria-can-take-smart-action-now\/\" title=\"Demographic Change and Skills Shortages: How Companies in Austria Can Take Smart Action Now\"><span>Read More<\/span><\/a><\/div>\t\r\n\t\t\t<\/div>\r\n\t\t<\/div>\r\n\t<\/div>\r\n<\/article><\/div><div class=\"cspt-ele cspt-blog-ele col-md-4 skilled-worker-placement cspt-term-47\"><article class=\"creativesplanet-ele creativesplanet-ele-blog cspt-blogbox-style-1 post-1919 post type-post status-publish format-standard has-post-thumbnail hentry category-skilled-worker-placement\">\r\n\t<div class=\"post-item\">\r\n\t\t<div class=\"cspt-featured-container\">\r\n\t\t\t<div class=\"cspt-featured-wrapper\"><a href=\"https:\/\/world4europe.com\/en\/skills-shortage-in-it\/\"><img decoding=\"async\" width=\"770\" height=\"500\" src=\"https:\/\/world4europe.com\/wp-content\/uploads\/2025\/07\/pexels-cottonbro-7439123-770x500.jpg\" class=\"attachment-cspt-img-770x500 size-cspt-img-770x500 wp-post-image\" alt=\"IT worker\" data-id=\"1912\" \/><\/a><\/div>\t\t\t<div class=\"cspt-meta-date\">11<span>Jul<\/span><\/div>\t \t\t\t\r\n\t\t<\/div>\r\n\t\t<div class=\"creativesplanet-box-content\">\t\r\n\t\t\t<div class=\"cspt-meta-container\">\r\n\t\t\t\t<div class=\"cspt-meta-author-wrapper cspt-meta-line\">\t\t\t\t\t\r\n\t\t\t\t\t<a href=\"https:\/\/world4europe.com\/en\/author\/administrator\/\" title=\"Posted by administrator\" rel=\"author\"><i class=\"cspt-base-icon-user-1\"><\/i> by administrator<\/a>\r\n\t\t\t\t<\/div>\r\n\t\t\t\t<div class=\"cspt-meta-date-wrapper cspt-meta-line\">\t\t\t\t\t\r\n\t\t\t\t\t<div class=\"cspt-meta-category\"><i class=\"cspt-base-icon-folder-open-empty\"><\/i> <a href=\"https:\/\/world4europe.com\/en\/category\/skilled-worker-placement\/\" rel=\"category tag\">Skilled worker placement<\/a><\/div>\t\r\n\t\t\t\t<\/div>\t\t\t\t\r\n\t\t\t\t<div class=\"cspt-meta-date-wrapper cspt-meta-line\">\t\r\n\t\t\t\t\t<i class=\"cspt-base-icon-comment-empty\"><\/i> <span class=\"cspt-meta cspt-meta-comments\">0<\/span>\r\n\t\t\t\t<\/div>\r\n\t\t\t\t\t\t\t\t\r\n\t\t\t\t\t\t\t<\/div>\r\n\t\t\t<h3 class=\"cspt-post-title\"><a href=\"https:\/\/world4europe.com\/en\/skills-shortage-in-it\/\">Skills Shortage in IT<\/a><\/h3>\r\n\t\t\t<div class=\"creativesplanet-box-desc\">\r\n\t\t\t\t<div class=\"creativesplanet-box-desc-text\">\r\n\t\t\t\t\t<p>Skills Shortage in IT: Act Now \u2013 Before It\u2019s Too Late<\/p>\n\t\t\t\t\t\r\n\t\t\t\t<\/div>\t\t\r\n\t\t\t\t<div class=\"cspt-read-more-link\"><a href=\"https:\/\/world4europe.com\/en\/skills-shortage-in-it\/\" title=\"Skills Shortage in IT\"><span>Read More<\/span><\/a><\/div>\t\r\n\t\t\t<\/div>\r\n\t\t<\/div>\r\n\t<\/div>\r\n<\/article><\/div><div class=\"cspt-ele cspt-blog-ele col-md-4 skilled-worker-placement cspt-term-47\"><article class=\"creativesplanet-ele creativesplanet-ele-blog cspt-blogbox-style-1 post-1861 post type-post status-publish format-standard has-post-thumbnail hentry category-skilled-worker-placement\">\r\n\t<div class=\"post-item\">\r\n\t\t<div class=\"cspt-featured-container\">\r\n\t\t\t<div class=\"cspt-featured-wrapper\"><a href=\"https:\/\/world4europe.com\/en\/shortage-occupation-list\/\"><img decoding=\"async\" width=\"770\" height=\"500\" src=\"https:\/\/world4europe.com\/wp-content\/uploads\/2025\/06\/ShortageList_CoverImage-770x500.jpg\" class=\"attachment-cspt-img-770x500 size-cspt-img-770x500 wp-post-image\" alt=\"Shortage List Cover Image\" data-id=\"2110\" \/><\/a><\/div>\t\t\t<div class=\"cspt-meta-date\">10<span>Jun<\/span><\/div>\t \t\t\t\r\n\t\t<\/div>\r\n\t\t<div class=\"creativesplanet-box-content\">\t\r\n\t\t\t<div class=\"cspt-meta-container\">\r\n\t\t\t\t<div class=\"cspt-meta-author-wrapper cspt-meta-line\">\t\t\t\t\t\r\n\t\t\t\t\t<a href=\"https:\/\/world4europe.com\/en\/author\/administrator\/\" title=\"Posted by administrator\" rel=\"author\"><i class=\"cspt-base-icon-user-1\"><\/i> by administrator<\/a>\r\n\t\t\t\t<\/div>\r\n\t\t\t\t<div class=\"cspt-meta-date-wrapper cspt-meta-line\">\t\t\t\t\t\r\n\t\t\t\t\t<div class=\"cspt-meta-category\"><i class=\"cspt-base-icon-folder-open-empty\"><\/i> <a href=\"https:\/\/world4europe.com\/en\/category\/skilled-worker-placement\/\" rel=\"category tag\">Skilled worker placement<\/a><\/div>\t\r\n\t\t\t\t<\/div>\t\t\t\t\r\n\t\t\t\t<div class=\"cspt-meta-date-wrapper cspt-meta-line\">\t\r\n\t\t\t\t\t<i class=\"cspt-base-icon-comment-empty\"><\/i> <span class=\"cspt-meta cspt-meta-comments\">0<\/span>\r\n\t\t\t\t<\/div>\r\n\t\t\t\t\t\t\t\t\r\n\t\t\t\t\t\t\t<\/div>\r\n\t\t\t<h3 class=\"cspt-post-title\"><a href=\"https:\/\/world4europe.com\/en\/shortage-occupation-list\/\">shortage occupation list<\/a><\/h3>\r\n\t\t\t<div class=\"creativesplanet-box-desc\">\r\n\t\t\t\t<div class=\"creativesplanet-box-desc-text\">\r\n\t\t\t\t\t<p>Obtain the red-white-red card via the \u201eshortage occupation list\u201c! The shortage occupation list in Austria: opportunities for companies &#8230; <\/p>\n\t\t\t\t\t\r\n\t\t\t\t<\/div>\t\t\r\n\t\t\t\t<div class=\"cspt-read-more-link\"><a href=\"https:\/\/world4europe.com\/en\/shortage-occupation-list\/\" title=\"shortage occupation list\"><span>Read More<\/span><\/a><\/div>\t\r\n\t\t\t<\/div>\r\n\t\t<\/div>\r\n\t<\/div>\r\n<\/article><\/div><div class=\"cspt-ele cspt-blog-ele col-md-4 skilled-worker-placement cspt-term-47\"><article class=\"creativesplanet-ele creativesplanet-ele-blog cspt-blogbox-style-1 post-1795 post type-post status-publish format-standard has-post-thumbnail hentry category-skilled-worker-placement\">\r\n\t<div class=\"post-item\">\r\n\t\t<div class=\"cspt-featured-container\">\r\n\t\t\t<div class=\"cspt-featured-wrapper\"><a href=\"https:\/\/world4europe.com\/en\/red-white-red-card-for-other-key-workers\/\"><img loading=\"lazy\" decoding=\"async\" width=\"770\" height=\"500\" src=\"https:\/\/world4europe.com\/wp-content\/uploads\/2025\/06\/RedWhiteRed_CoverImage-770x500.jpg\" class=\"attachment-cspt-img-770x500 size-cspt-img-770x500 wp-post-image\" alt=\"Red White Red Cover Image\" data-id=\"2111\" \/><\/a><\/div>\t\t\t<div class=\"cspt-meta-date\">10<span>Jun<\/span><\/div>\t \t\t\t\r\n\t\t<\/div>\r\n\t\t<div class=\"creativesplanet-box-content\">\t\r\n\t\t\t<div class=\"cspt-meta-container\">\r\n\t\t\t\t<div class=\"cspt-meta-author-wrapper cspt-meta-line\">\t\t\t\t\t\r\n\t\t\t\t\t<a href=\"https:\/\/world4europe.com\/en\/author\/administrator\/\" title=\"Posted by administrator\" rel=\"author\"><i class=\"cspt-base-icon-user-1\"><\/i> by administrator<\/a>\r\n\t\t\t\t<\/div>\r\n\t\t\t\t<div class=\"cspt-meta-date-wrapper cspt-meta-line\">\t\t\t\t\t\r\n\t\t\t\t\t<div class=\"cspt-meta-category\"><i class=\"cspt-base-icon-folder-open-empty\"><\/i> <a href=\"https:\/\/world4europe.com\/en\/category\/skilled-worker-placement\/\" rel=\"category tag\">Skilled worker placement<\/a><\/div>\t\r\n\t\t\t\t<\/div>\t\t\t\t\r\n\t\t\t\t<div class=\"cspt-meta-date-wrapper cspt-meta-line\">\t\r\n\t\t\t\t\t<i class=\"cspt-base-icon-comment-empty\"><\/i> <span class=\"cspt-meta cspt-meta-comments\">0<\/span>\r\n\t\t\t\t<\/div>\r\n\t\t\t\t\t\t\t\t\r\n\t\t\t\t\t\t\t<\/div>\r\n\t\t\t<h3 class=\"cspt-post-title\"><a href=\"https:\/\/world4europe.com\/en\/red-white-red-card-for-other-key-workers\/\">Red-white-red card for other key workers<\/a><\/h3>\r\n\t\t\t<div class=\"creativesplanet-box-desc\">\r\n\t\t\t\t<div class=\"creativesplanet-box-desc-text\">\r\n\t\t\t\t\t<p>Obtain the red-white-red card through the \u201ckey workers\u201d recruiting process!<br \/>Recruiting skilled workers from third countries &#8230; <\/p>\n\t\t\t\t\t\r\n\t\t\t\t<\/div>\t\t\r\n\t\t\t\t<div class=\"cspt-read-more-link\"><a href=\"https:\/\/world4europe.com\/en\/red-white-red-card-for-other-key-workers\/\" title=\"Red-white-red card for other key workers\"><span>Read More<\/span><\/a><\/div>\t\r\n\t\t\t<\/div>\r\n\t\t<\/div>\r\n\t<\/div>\r\n<\/article><\/div>\r\n\t\t\t<\/div>\r\n\t\t\t\r\n\t\t\t<div class=\"clearfix\"><\/div>\r\n\t\t\t\r\n\t\t\r\n\t\t<\/div><!-- .creativesplanet-element-inner -->   <\/div><!-- .creativesplanet-element -->  \r\n\t    \t\t\t\t<\/div>\n\t\t\t\t<\/div>\n\t\t\t\t\t<\/div>\n\t\t<\/div>\n\t\t\t\t\t<\/div>\n\t\t<\/div>\n\t\t\t\t<\/div>\n\t\t","protected":false},"excerpt":{"rendered":"<p>10Jun by administrator Fachkr\u00e4ftevermittlung 0 Mangelberufsliste Die Rot-Wei\u00df-Rot-Karte \u00fcber die \u201eMangelberufsliste\u201c erhalten! Die Mangelberufsliste in \u00d6sterreich: Chancen f\u00fcr Unternehmen &#8230; Read More 10Jun by administrator Fachkr\u00e4ftevermittlung 0 Rot-Wei\u00df-Rot-Karte \u201eSchl\u00fcsselkr\u00e4ftel\u00f6sung\u201c Die Rot-Wei\u00df-Rot-Karte \u00fcber \u201eSchl\u00fcsselkr\u00e4ftel\u00f6sung\u201c erhalten! Fachkr\u00e4fte aus Drittstaaten rekrutieren: &#8230; Read More<\/p>\n","protected":false},"author":1,"featured_media":0,"parent":0,"menu_order":0,"comment_status":"closed","ping_status":"closed","template":"","meta":{"_acf_changed":false,"footnotes":""},"class_list":["post-1830","page","type-page","status-publish","hentry"],"acf":[],"_links":{"self":[{"href":"https:\/\/world4europe.com\/en\/wp-json\/wp\/v2\/pages\/1830","targetHints":{"allow":["GET"]}}],"collection":[{"href":"https:\/\/world4europe.com\/en\/wp-json\/wp\/v2\/pages"}],"about":[{"href":"https:\/\/world4europe.com\/en\/wp-json\/wp\/v2\/types\/page"}],"author":[{"embeddable":true,"href":"https:\/\/world4europe.com\/en\/wp-json\/wp\/v2\/users\/1"}],"replies":[{"embeddable":true,"href":"https:\/\/world4europe.com\/en\/wp-json\/wp\/v2\/comments?post=1830"}],"version-history":[{"count":3,"href":"https:\/\/world4europe.com\/en\/wp-json\/wp\/v2\/pages\/1830\/revisions"}],"predecessor-version":[{"id":2101,"href":"https:\/\/world4europe.com\/en\/wp-json\/wp\/v2\/pages\/1830\/revisions\/2101"}],"wp:attachment":[{"href":"https:\/\/world4europe.com\/en\/wp-json\/wp\/v2\/media?parent=1830"}],"curies":[{"name":"wp","href":"https:\/\/api.w.org\/{rel}","templated":true}]}}